{"id":48,"date":"2024-05-22T12:54:30","date_gmt":"2024-05-22T12:54:30","guid":{"rendered":"https:\/\/kehitys.goodies.fi\/?page_id=48"},"modified":"2024-05-22T13:41:26","modified_gmt":"2024-05-22T13:41:26","slug":"argistoo","status":"publish","type":"page","link":"https:\/\/kehitys.goodies.fi\/index.php\/argistoo\/","title":{"rendered":"Argistoo"},"content":{"rendered":"\n<div style=\"height:var(--wp--preset--spacing--50)\" aria-hidden=\"true\" class=\"wp-block-spacer\"><\/div>\n\n\n\n<div class=\"wp-block-group alignwide has-global-padding is-layout-constrained wp-block-group-is-layout-constrained\">\n<h2 class=\"wp-block-heading alignwide has-text-align-center has-xx-large-font-size\" style=\"line-height:1.2\"><a href=\"http:\/\/vanha.goodies.fi\" data-type=\"link\" data-id=\"http:\/\/vanha.goodies.fi\">T\u00e4\u00e4lt\u00e4<\/a> l\u00f6yd\u00e4t vanhat sivut&#8230;.<\/h2>\n<\/div>\n","protected":false},"excerpt":{"rendered":"<p>T\u00e4\u00e4lt\u00e4 l\u00f6yd\u00e4t vanhat sivut&#8230;.<\/p>\n","protected":false},"author":1,"featured_media":0,"parent":0,"menu_order":0,"comment_status":"closed","ping_status":"closed","template":"","meta":{"footnotes":""},"_links":{"self":[{"href":"https:\/\/kehitys.goodies.fi\/index.php\/wp-json\/wp\/v2\/pages\/48"}],"collection":[{"href":"https:\/\/kehitys.goodies.fi\/index.php\/wp-json\/wp\/v2\/pages"}],"about":[{"href":"https:\/\/kehitys.goodies.fi\/index.php\/wp-json\/wp\/v2\/types\/page"}],"author":[{"embeddable":true,"href":"https:\/\/kehitys.goodies.fi\/index.php\/wp-json\/wp\/v2\/users\/1"}],"replies":[{"embeddable":true,"href":"https:\/\/kehitys.goodies.fi\/index.php\/wp-json\/wp\/v2\/comments?post=48"}],"version-history":[{"count":2,"href":"https:\/\/kehitys.goodies.fi\/index.php\/wp-json\/wp\/v2\/pages\/48\/revisions"}],"predecessor-version":[{"id":75,"href":"https:\/\/kehitys.goodies.fi\/index.php\/wp-json\/wp\/v2\/pages\/48\/revisions\/75"}],"wp:attachment":[{"href":"https:\/\/kehitys.goodies.fi\/index.php\/wp-json\/wp\/v2\/media?parent=48"}],"curies":[{"name":"wp","href":"https:\/\/api.w.org\/{rel}","templated":true}]}}