{"id":27,"date":"2024-05-22T12:09:07","date_gmt":"2024-05-22T12:09:07","guid":{"rendered":"https:\/\/kehitys.goodies.fi\/?page_id=27"},"modified":"2024-05-22T13:40:21","modified_gmt":"2024-05-22T13:40:21","slug":"glof-2024","status":"publish","type":"page","link":"https:\/\/kehitys.goodies.fi\/index.php\/glof-2024\/","title":{"rendered":"GLOF 2024"},"content":{"rendered":"\n<p class=\"has-text-align-center\">P\u00e4ivitet\u00e4\u00e4n&#8230;.<\/p>\n\n\n\n<figure class=\"wp-block-image aligncenter size-full\"><img loading=\"lazy\" decoding=\"async\" width=\"133\" height=\"110\" src=\"https:\/\/kehitys.goodies.fi\/wp-content\/uploads\/2024\/05\/glof.jpg\" alt=\"\" class=\"wp-image-30\"\/><\/figure>\n","protected":false},"excerpt":{"rendered":"<p>P\u00e4ivitet\u00e4\u00e4n&#8230;.<\/p>\n","protected":false},"author":1,"featured_media":0,"parent":0,"menu_order":0,"comment_status":"closed","ping_status":"closed","template":"","meta":{"footnotes":""},"_links":{"self":[{"href":"https:\/\/kehitys.goodies.fi\/index.php\/wp-json\/wp\/v2\/pages\/27"}],"collection":[{"href":"https:\/\/kehitys.goodies.fi\/index.php\/wp-json\/wp\/v2\/pages"}],"about":[{"href":"https:\/\/kehitys.goodies.fi\/index.php\/wp-json\/wp\/v2\/types\/page"}],"author":[{"embeddable":true,"href":"https:\/\/kehitys.goodies.fi\/index.php\/wp-json\/wp\/v2\/users\/1"}],"replies":[{"embeddable":true,"href":"https:\/\/kehitys.goodies.fi\/index.php\/wp-json\/wp\/v2\/comments?post=27"}],"version-history":[{"count":4,"href":"https:\/\/kehitys.goodies.fi\/index.php\/wp-json\/wp\/v2\/pages\/27\/revisions"}],"predecessor-version":[{"id":74,"href":"https:\/\/kehitys.goodies.fi\/index.php\/wp-json\/wp\/v2\/pages\/27\/revisions\/74"}],"wp:attachment":[{"href":"https:\/\/kehitys.goodies.fi\/index.php\/wp-json\/wp\/v2\/media?parent=27"}],"curies":[{"name":"wp","href":"https:\/\/api.w.org\/{rel}","templated":true}]}}