{"id":20,"date":"2024-05-22T11:56:03","date_gmt":"2024-05-22T11:56:03","guid":{"rendered":"https:\/\/kehitys.goodies.fi\/?page_id=20"},"modified":"2024-05-29T10:38:56","modified_gmt":"2024-05-29T10:38:56","slug":"futis-2024","status":"publish","type":"page","link":"https:\/\/kehitys.goodies.fi\/index.php\/futis-2024\/","title":{"rendered":"FUTIS 2024"},"content":{"rendered":"\n<p>FC Goodies ti 07.05.24 Pyh\u00e4t\u00f6n<br><strong>17:20 Black Devils &#8211; FC Goodies 1-8<\/strong><\/p>\n\n\n\n<p class=\"has-small-font-size\">mv Tuomo, Ismo 2+0, Raini, Hartsa 0+2 (ottelun Ty\u00e4mies!), Mikko 5+1, Tipi 0+1,<br>Raaga 1+0, Margus 0+1, Jusa<br><br>Fanit: V\u00e4ng\u00e4 &amp; serggu, Sami, Vesgu<strong><br>&#8212;&#8212;&#8212;&#8212;&#8212;&#8212;&#8212;&#8212;&#8212;&#8212;&#8212;<br><br><\/strong>ti 14.05.24 Pyh\u00e4t\u00f6n<br>422 19:40&nbsp;<strong>FC Goodies &#8211; Pallohauet Seniors 2-2 (edelleen tappioitta haukeja vastaan!)<\/strong><\/p>\n\n\n\n<p class=\"has-small-font-size\">mv Tuomo, Petteri 0+1 (&#8221;p\u00e4iv\u00e4n pisin ja korkein&#8221;&#8230; mittanauhapalkinto),<br>Ismo, Raini, Eero, Hartsa 0+1 varoitus, Mikko, Tipi (melkein kent\u00e4ll\u00e4), Pulggis, Raaga 3paikkaa,<br>Margus 2+0 ja melkein kolmas, Jusa C, Jargga<\/p>\n\n\n\n<p class=\"has-small-font-size\"><img loading=\"lazy\" decoding=\"async\" src=\"https:\/\/vanha.goodies.fi\/attachments\/Image\/14.5..jpg?template=generic\" alt=\"\" width=\"600\" height=\"314\"><em>Gatsomossa enn\u00e4tysyleis\u00f6 wanhoja geemiehi\u00e4<\/em><br><em>&#8211; perustajaj\u00e4senet: Punni, V\u00e4ng\u00e4, Masu, Ila<\/em><br><em>&#8211; Jylpy, Vega, Gapa<\/em><\/p>\n\n\n\n<p><\/p>\n\n\n\n<p>ti 28.05.24 Pyh\u00e4t\u00f6n<br>428 19:40 <strong>Kaukkari &#8211; FC Goodies 0-4<\/strong><br><br>mv Tuomo 0+1, Petteri, Raini 2+1 ottelun \u201dkuumin\u201d, palkittiin sytytyspaloilla,<br>Eero, Hartsa 0+2, Mikko 2+0, Tipi ottelun toisiks kuumin, Raaga melkein taas maalasi, Margus pysy hyvin alhaalla<br>Fanit: sergut ja kakkosmokke Sami<\/p>\n\n\n\n<figure class=\"wp-block-image size-large\"><img loading=\"lazy\" decoding=\"async\" width=\"768\" height=\"1024\" src=\"https:\/\/kehitys.goodies.fi\/wp-content\/uploads\/2024\/05\/IMG_5150-768x1024.jpeg\" alt=\"\" class=\"wp-image-84\" srcset=\"https:\/\/kehitys.goodies.fi\/wp-content\/uploads\/2024\/05\/IMG_5150-768x1024.jpeg 768w, https:\/\/kehitys.goodies.fi\/wp-content\/uploads\/2024\/05\/IMG_5150-225x300.jpeg 225w, https:\/\/kehitys.goodies.fi\/wp-content\/uploads\/2024\/05\/IMG_5150-1152x1536.jpeg 1152w, https:\/\/kehitys.goodies.fi\/wp-content\/uploads\/2024\/05\/IMG_5150-1536x2048.jpeg 1536w, https:\/\/kehitys.goodies.fi\/wp-content\/uploads\/2024\/05\/IMG_5150-scaled.jpeg 1920w\" sizes=\"(max-width: 768px) 100vw, 768px\" \/><\/figure>\n\n\n\n<p>ti 04.06.24 Pyh\u00e4t\u00f6n<br>429 17:20 FC Goodies &#8211; AssanBallKingKongs<\/p>\n\n\n\n<p>ti 11.06.24 Pyh\u00e4t\u00f6n<br>433 18:30 Laatuclub FC &#8211; FC Goodies<\/p>\n\n\n\n<p>ti 18.06.24 Pyh\u00e4t\u00f6n<br>436 18:30 FC Goodies &#8211; FC Peluri<\/p>\n\n\n\n<p>ti 25.06.24 Pyh\u00e4t\u00f6n<br>438 17:20 FC Goodies &#8211; Black Devils<\/p>\n\n\n\n<p>ti 23.07.24 Pyh\u00e4t\u00f6n<br>443 19:40 Pallohauet Seniors &#8211; FC Goodies<\/p>\n\n\n\n<p>ti 06.08.24 Pyh\u00e4t\u00f6n<br>449 19:40 FC Goodies &#8211; Kaukkari<\/p>\n\n\n\n<p>ti 13.08.24 Pyh\u00e4t\u00f6n<br>450 17:20 AssanBallKingKongs &#8211; FC Goodies<\/p>\n\n\n\n<p>ti 20.08.24 Pyh\u00e4t\u00f6n<br>454 18:30 FC Goodies &#8211; Laatuclub FC<\/p>\n\n\n\n<p>ti 27.08.24 Pyh\u00e4t\u00f6n<br>457 18:30 FC Peluri &#8211; FC Goodies<\/p>\n\n\n\n<p>+mitaliottelut (1. ja 2. finaaliin, 3. ja 4. pronssiotteluun)<\/p>\n","protected":false},"excerpt":{"rendered":"<p>FC Goodies ti 07.05.24 Pyh\u00e4t\u00f6n17:20 Black Devils &#8211; FC Goodies 1-8 mv Tuomo, Ismo 2+0, Raini, Hartsa 0+2 (ottelun Ty\u00e4mies!), Mikko 5+1, Tipi 0+1,Raaga 1+0, Margus 0+1, Jusa Fanit: V\u00e4ng\u00e4 &amp; serggu, Sami, Vesgu&#8212;&#8212;&#8212;&#8212;&#8212;&#8212;&#8212;&#8212;&#8212;&#8212;&#8212; ti 14.05.24 Pyh\u00e4t\u00f6n422 19:40&nbsp;FC Goodies &#8211; Pallohauet Seniors 2-2 (edelleen tappioitta haukeja vastaan!) mv Tuomo, Petteri 0+1 (&#8221;p\u00e4iv\u00e4n pisin ja korkein&#8221;&#8230; [&hellip;]<\/p>\n","protected":false},"author":1,"featured_media":22,"parent":0,"menu_order":0,"comment_status":"closed","ping_status":"closed","template":"","meta":{"footnotes":""},"_links":{"self":[{"href":"https:\/\/kehitys.goodies.fi\/index.php\/wp-json\/wp\/v2\/pages\/20"}],"collection":[{"href":"https:\/\/kehitys.goodies.fi\/index.php\/wp-json\/wp\/v2\/pages"}],"about":[{"href":"https:\/\/kehitys.goodies.fi\/index.php\/wp-json\/wp\/v2\/types\/page"}],"author":[{"embeddable":true,"href":"https:\/\/kehitys.goodies.fi\/index.php\/wp-json\/wp\/v2\/users\/1"}],"replies":[{"embeddable":true,"href":"https:\/\/kehitys.goodies.fi\/index.php\/wp-json\/wp\/v2\/comments?post=20"}],"version-history":[{"count":9,"href":"https:\/\/kehitys.goodies.fi\/index.php\/wp-json\/wp\/v2\/pages\/20\/revisions"}],"predecessor-version":[{"id":86,"href":"https:\/\/kehitys.goodies.fi\/index.php\/wp-json\/wp\/v2\/pages\/20\/revisions\/86"}],"wp:featuredmedia":[{"embeddable":true,"href":"https:\/\/kehitys.goodies.fi\/index.php\/wp-json\/wp\/v2\/media\/22"}],"wp:attachment":[{"href":"https:\/\/kehitys.goodies.fi\/index.php\/wp-json\/wp\/v2\/media?parent=20"}],"curies":[{"name":"wp","href":"https:\/\/api.w.org\/{rel}","templated":true}]}}